{"id":2891,"date":"2025-06-09T12:54:10","date_gmt":"2025-06-09T10:54:10","guid":{"rendered":"https:\/\/duponteadn.com\/cart\/"},"modified":"2025-06-27T14:20:07","modified_gmt":"2025-06-27T12:20:07","slug":"cart","status":"publish","type":"page","link":"https:\/\/duponteadn.com\/en\/cart\/","title":{"rendered":"Cart"},"content":{"rendered":"\t\t<div data-elementor-type=\"wp-page\" data-elementor-id=\"2891\" class=\"elementor elementor-2891 elementor-671\" data-elementor-post-type=\"page\">\n\t\t\t\t<div class=\"elementor-element elementor-element-2e390a07 e-flex e-con-boxed e-con e-parent\" data-id=\"2e390a07\" data-element_type=\"container\" data-e-type=\"container\">\n\t\t\t\t\t<div class=\"e-con-inner\">\n\t\t<div class=\"elementor-element elementor-element-e6c8215 e-con-full e-flex e-con e-child\" data-id=\"e6c8215\" data-element_type=\"container\" data-e-type=\"container\">\n\t\t\t\t<div class=\"elementor-element elementor-element-23d9997 elementor-widget elementor-widget-heading\" data-id=\"23d9997\" data-element_type=\"widget\" data-e-type=\"widget\" data-widget_type=\"heading.default\">\n\t\t\t\t<div class=\"elementor-widget-container\">\n\t\t\t\t\t<h1 class=\"elementor-heading-title elementor-size-default\">Cart<\/h1>\t\t\t\t<\/div>\n\t\t\t\t<\/div>\n\t\t\t\t<\/div>\n\t\t\t\t\t<\/div>\n\t\t\t\t<\/div>\n\t\t\t\t<\/div>\n\t\t","protected":false},"excerpt":{"rendered":"<p>Eliminar art\u00edculo Imagen en miniatura Producto Precio Cantidad Subtotal &times; Principles of clinical pharmacogenomics: from study design to patient information 120&nbsp;&euro; Principles of clinical pharmacogenomics: from study design to patient information&nbsp; cantidad 240&nbsp;&euro; &times; Genetics of drug response 120&nbsp;&euro; Genetics of drug response&nbsp; cantidad 120&nbsp;&euro; Apply the coupon Cart Totals Subtotal 360&nbsp;&euro; Total 360&nbsp;&euro; (incluye [&hellip;]<\/p>\n","protected":false},"author":2,"featured_media":0,"parent":0,"menu_order":0,"comment_status":"closed","ping_status":"closed","template":"elementor_header_footer","meta":{"footnotes":"","_links_to":"","_links_to_target":""},"class_list":["post-2891","page","type-page","status-publish","hentry"],"yoast_head":"<!-- This site is optimized with the Yoast SEO plugin v27.0 - https:\/\/yoast.com\/product\/yoast-seo-wordpress\/ -->\n<title>Cart | DuponteADN<\/title>\n<meta name=\"description\" content=\"En Duponte ofrecemos soluciones gen\u00e9ticas, investigaci\u00f3n aplicada y formaci\u00f3n cient\u00edfica para mejorar diagn\u00f3sticos, tratamientos y prevenci\u00f3n.\" \/>\n<meta name=\"robots\" content=\"noindex, follow\" \/>\n<meta property=\"og:locale\" content=\"en_US\" \/>\n<meta property=\"og:type\" content=\"article\" \/>\n<meta property=\"og:title\" content=\"Cart | DuponteADN\" \/>\n<meta property=\"og:description\" content=\"En Duponte ofrecemos soluciones gen\u00e9ticas, investigaci\u00f3n aplicada y formaci\u00f3n cient\u00edfica para mejorar diagn\u00f3sticos, tratamientos y prevenci\u00f3n.\" \/>\n<meta property=\"og:url\" content=\"https:\/\/duponteadn.com\/en\/cart\/\" \/>\n<meta property=\"og:site_name\" content=\"DuponteADN\" \/>\n<meta property=\"article:publisher\" content=\"https:\/\/www.facebook.com\/DuponteGroup\" \/>\n<meta property=\"article:modified_time\" content=\"2025-06-27T12:20:07+00:00\" \/>\n<meta property=\"og:image\" content=\"https:\/\/duponteadn.com\/wp-content\/uploads\/2025\/06\/Principios-de-farmacogen-300x300.webp\" \/>\n<meta name=\"twitter:card\" content=\"summary_large_image\" \/>\n<meta name=\"twitter:site\" content=\"@DuponteGroup\" \/>\n<meta name=\"twitter:label1\" content=\"Est. reading time\" \/>\n\t<meta name=\"twitter:data1\" content=\"1 minute\" \/>\n<script type=\"application\/ld+json\" class=\"yoast-schema-graph\">{\"@context\":\"https:\/\/schema.org\",\"@graph\":[{\"@type\":\"WebPage\",\"@id\":\"https:\/\/duponteadn.com\/en\/cart\/\",\"url\":\"https:\/\/duponteadn.com\/en\/cart\/\",\"name\":\"Cart | DuponteADN\",\"isPartOf\":{\"@id\":\"https:\/\/duponteadn.com\/#website\"},\"primaryImageOfPage\":{\"@id\":\"https:\/\/duponteadn.com\/en\/cart\/#primaryimage\"},\"image\":{\"@id\":\"https:\/\/duponteadn.com\/en\/cart\/#primaryimage\"},\"thumbnailUrl\":\"https:\/\/duponteadn.com\/wp-content\/uploads\/2025\/06\/Principios-de-farmacogen-300x300.webp\",\"datePublished\":\"2025-06-09T10:54:10+00:00\",\"dateModified\":\"2025-06-27T12:20:07+00:00\",\"description\":\"En Duponte ofrecemos soluciones gen\u00e9ticas, investigaci\u00f3n aplicada y formaci\u00f3n cient\u00edfica para mejorar diagn\u00f3sticos, tratamientos y prevenci\u00f3n.\",\"breadcrumb\":{\"@id\":\"https:\/\/duponteadn.com\/en\/cart\/#breadcrumb\"},\"inLanguage\":\"en-US\",\"potentialAction\":[{\"@type\":\"ReadAction\",\"target\":[\"https:\/\/duponteadn.com\/en\/cart\/\"]}]},{\"@type\":\"ImageObject\",\"inLanguage\":\"en-US\",\"@id\":\"https:\/\/duponteadn.com\/en\/cart\/#primaryimage\",\"url\":\"https:\/\/duponteadn.com\/wp-content\/uploads\/2025\/06\/Principios-de-farmacogen-300x300.webp\",\"contentUrl\":\"https:\/\/duponteadn.com\/wp-content\/uploads\/2025\/06\/Principios-de-farmacogen-300x300.webp\"},{\"@type\":\"BreadcrumbList\",\"@id\":\"https:\/\/duponteadn.com\/en\/cart\/#breadcrumb\",\"itemListElement\":[{\"@type\":\"ListItem\",\"position\":1,\"name\":\"Duponte\",\"item\":\"https:\/\/duponteadn.com\/en\/\"},{\"@type\":\"ListItem\",\"position\":2,\"name\":\"Cart\"}]},{\"@type\":\"WebSite\",\"@id\":\"https:\/\/duponteadn.com\/#website\",\"url\":\"https:\/\/duponteadn.com\/\",\"name\":\"Duponte\",\"description\":\"Innovaci\u00f3n en gen\u00e9tica para decisiones cl\u00ednicas precisas\",\"publisher\":{\"@id\":\"https:\/\/duponteadn.com\/#organization\"},\"alternateName\":\"DuponteADN\",\"potentialAction\":[{\"@type\":\"SearchAction\",\"target\":{\"@type\":\"EntryPoint\",\"urlTemplate\":\"https:\/\/duponteadn.com\/?s={search_term_string}\"},\"query-input\":{\"@type\":\"PropertyValueSpecification\",\"valueRequired\":true,\"valueName\":\"search_term_string\"}}],\"inLanguage\":\"en-US\"},{\"@type\":\"Organization\",\"@id\":\"https:\/\/duponteadn.com\/#organization\",\"name\":\"Duponte\",\"alternateName\":\"DuponteADN\",\"url\":\"https:\/\/duponteadn.com\/\",\"logo\":{\"@type\":\"ImageObject\",\"inLanguage\":\"en-US\",\"@id\":\"https:\/\/duponteadn.com\/#\/schema\/logo\/image\/\",\"url\":\"https:\/\/duponteadn.com\/wp-content\/uploads\/2025\/06\/logo-duponte-blue.svg\",\"contentUrl\":\"https:\/\/duponteadn.com\/wp-content\/uploads\/2025\/06\/logo-duponte-blue.svg\",\"width\":170,\"height\":39,\"caption\":\"Duponte\"},\"image\":{\"@id\":\"https:\/\/duponteadn.com\/#\/schema\/logo\/image\/\"},\"sameAs\":[\"https:\/\/www.facebook.com\/DuponteGroup\",\"https:\/\/x.com\/DuponteGroup\",\"https:\/\/www.linkedin.com\/company\/duponte-group\/\",\"https:\/\/www.instagram.com\/duponteacademy\/\"]}]}<\/script>\n<!-- \/ Yoast SEO plugin. -->","yoast_head_json":{"title":"Cart | DuponteADN","description":"En Duponte ofrecemos soluciones gen\u00e9ticas, investigaci\u00f3n aplicada y formaci\u00f3n cient\u00edfica para mejorar diagn\u00f3sticos, tratamientos y prevenci\u00f3n.","robots":{"index":"noindex","follow":"follow"},"og_locale":"en_US","og_type":"article","og_title":"Cart | DuponteADN","og_description":"En Duponte ofrecemos soluciones gen\u00e9ticas, investigaci\u00f3n aplicada y formaci\u00f3n cient\u00edfica para mejorar diagn\u00f3sticos, tratamientos y prevenci\u00f3n.","og_url":"https:\/\/duponteadn.com\/en\/cart\/","og_site_name":"DuponteADN","article_publisher":"https:\/\/www.facebook.com\/DuponteGroup","article_modified_time":"2025-06-27T12:20:07+00:00","og_image":[{"url":"https:\/\/duponteadn.com\/wp-content\/uploads\/2025\/06\/Principios-de-farmacogen-300x300.webp","type":"","width":"","height":""}],"twitter_card":"summary_large_image","twitter_site":"@DuponteGroup","twitter_misc":{"Est. reading time":"1 minute"},"schema":{"@context":"https:\/\/schema.org","@graph":[{"@type":"WebPage","@id":"https:\/\/duponteadn.com\/en\/cart\/","url":"https:\/\/duponteadn.com\/en\/cart\/","name":"Cart | DuponteADN","isPartOf":{"@id":"https:\/\/duponteadn.com\/#website"},"primaryImageOfPage":{"@id":"https:\/\/duponteadn.com\/en\/cart\/#primaryimage"},"image":{"@id":"https:\/\/duponteadn.com\/en\/cart\/#primaryimage"},"thumbnailUrl":"https:\/\/duponteadn.com\/wp-content\/uploads\/2025\/06\/Principios-de-farmacogen-300x300.webp","datePublished":"2025-06-09T10:54:10+00:00","dateModified":"2025-06-27T12:20:07+00:00","description":"En Duponte ofrecemos soluciones gen\u00e9ticas, investigaci\u00f3n aplicada y formaci\u00f3n cient\u00edfica para mejorar diagn\u00f3sticos, tratamientos y prevenci\u00f3n.","breadcrumb":{"@id":"https:\/\/duponteadn.com\/en\/cart\/#breadcrumb"},"inLanguage":"en-US","potentialAction":[{"@type":"ReadAction","target":["https:\/\/duponteadn.com\/en\/cart\/"]}]},{"@type":"ImageObject","inLanguage":"en-US","@id":"https:\/\/duponteadn.com\/en\/cart\/#primaryimage","url":"https:\/\/duponteadn.com\/wp-content\/uploads\/2025\/06\/Principios-de-farmacogen-300x300.webp","contentUrl":"https:\/\/duponteadn.com\/wp-content\/uploads\/2025\/06\/Principios-de-farmacogen-300x300.webp"},{"@type":"BreadcrumbList","@id":"https:\/\/duponteadn.com\/en\/cart\/#breadcrumb","itemListElement":[{"@type":"ListItem","position":1,"name":"Duponte","item":"https:\/\/duponteadn.com\/en\/"},{"@type":"ListItem","position":2,"name":"Cart"}]},{"@type":"WebSite","@id":"https:\/\/duponteadn.com\/#website","url":"https:\/\/duponteadn.com\/","name":"Duponte","description":"Innovaci\u00f3n en gen\u00e9tica para decisiones cl\u00ednicas precisas","publisher":{"@id":"https:\/\/duponteadn.com\/#organization"},"alternateName":"DuponteADN","potentialAction":[{"@type":"SearchAction","target":{"@type":"EntryPoint","urlTemplate":"https:\/\/duponteadn.com\/?s={search_term_string}"},"query-input":{"@type":"PropertyValueSpecification","valueRequired":true,"valueName":"search_term_string"}}],"inLanguage":"en-US"},{"@type":"Organization","@id":"https:\/\/duponteadn.com\/#organization","name":"Duponte","alternateName":"DuponteADN","url":"https:\/\/duponteadn.com\/","logo":{"@type":"ImageObject","inLanguage":"en-US","@id":"https:\/\/duponteadn.com\/#\/schema\/logo\/image\/","url":"https:\/\/duponteadn.com\/wp-content\/uploads\/2025\/06\/logo-duponte-blue.svg","contentUrl":"https:\/\/duponteadn.com\/wp-content\/uploads\/2025\/06\/logo-duponte-blue.svg","width":170,"height":39,"caption":"Duponte"},"image":{"@id":"https:\/\/duponteadn.com\/#\/schema\/logo\/image\/"},"sameAs":["https:\/\/www.facebook.com\/DuponteGroup","https:\/\/x.com\/DuponteGroup","https:\/\/www.linkedin.com\/company\/duponte-group\/","https:\/\/www.instagram.com\/duponteacademy\/"]}]}},"_links":{"self":[{"href":"https:\/\/duponteadn.com\/en\/wp-json\/wp\/v2\/pages\/2891","targetHints":{"allow":["GET"]}}],"collection":[{"href":"https:\/\/duponteadn.com\/en\/wp-json\/wp\/v2\/pages"}],"about":[{"href":"https:\/\/duponteadn.com\/en\/wp-json\/wp\/v2\/types\/page"}],"author":[{"embeddable":true,"href":"https:\/\/duponteadn.com\/en\/wp-json\/wp\/v2\/users\/2"}],"replies":[{"embeddable":true,"href":"https:\/\/duponteadn.com\/en\/wp-json\/wp\/v2\/comments?post=2891"}],"version-history":[{"count":0,"href":"https:\/\/duponteadn.com\/en\/wp-json\/wp\/v2\/pages\/2891\/revisions"}],"wp:attachment":[{"href":"https:\/\/duponteadn.com\/en\/wp-json\/wp\/v2\/media?parent=2891"}],"curies":[{"name":"wp","href":"https:\/\/api.w.org\/{rel}","templated":true}]}}