{"id":2910,"date":"2025-06-09T10:28:51","date_gmt":"2025-06-09T08:28:51","guid":{"rendered":"https:\/\/duponteadn.com\/clientes\/"},"modified":"2025-07-11T10:11:40","modified_gmt":"2025-07-11T08:11:40","slug":"clients","status":"publish","type":"page","link":"https:\/\/duponteadn.com\/en\/clients\/","title":{"rendered":"Clients"},"content":{"rendered":"\t\t<div data-elementor-type=\"wp-page\" data-elementor-id=\"2910\" class=\"elementor elementor-2910\" data-elementor-post-type=\"page\">\n\t\t\t\t<div class=\"elementor-element elementor-element-fa586c8 e-flex e-con-boxed e-con e-parent\" data-id=\"fa586c8\" data-element_type=\"container\" data-e-type=\"container\">\n\t\t\t\t\t<div class=\"e-con-inner\">\n\t\t<div class=\"elementor-element elementor-element-aaee119 e-con-full e-flex e-con e-child\" data-id=\"aaee119\" data-element_type=\"container\" data-e-type=\"container\" data-settings=\"{&quot;background_background&quot;:&quot;classic&quot;}\">\n\t\t<div class=\"elementor-element elementor-element-7b72af7 e-con-full e-flex e-con e-child\" data-id=\"7b72af7\" data-element_type=\"container\" data-e-type=\"container\" data-settings=\"{&quot;background_background&quot;:&quot;classic&quot;}\">\n\t\t\t\t<div class=\"elementor-element elementor-element-11e7938 elementor-widget elementor-widget-heading\" data-id=\"11e7938\" data-element_type=\"widget\" data-e-type=\"widget\" data-widget_type=\"heading.default\">\n\t\t\t\t<div class=\"elementor-widget-container\">\n\t\t\t\t\t<p class=\"elementor-heading-title elementor-size-default\">our clients<\/p>\t\t\t\t<\/div>\n\t\t\t\t<\/div>\n\t\t\t\t<div class=\"elementor-element elementor-element-4b1d3e4 elementor-widget elementor-widget-heading\" data-id=\"4b1d3e4\" data-element_type=\"widget\" data-e-type=\"widget\" data-widget_type=\"heading.default\">\n\t\t\t\t<div class=\"elementor-widget-container\">\n\t\t\t\t\t<h2 class=\"elementor-heading-title elementor-size-default\">Clients who already trust Matchgenica<\/h2>\t\t\t\t<\/div>\n\t\t\t\t<\/div>\n\t\t\t\t<\/div>\n\t\t\t\t<\/div>\n\t\t<div class=\"elementor-element elementor-element-d0bee3c e-con-full e-flex e-con e-child\" data-id=\"d0bee3c\" data-element_type=\"container\" data-e-type=\"container\">\n\t\t<div class=\"elementor-element elementor-element-6285ba9 e-con-full e-flex elementor-invisible e-con e-child\" data-id=\"6285ba9\" data-element_type=\"container\" data-e-type=\"container\" data-settings=\"{&quot;animation&quot;:&quot;fadeIn&quot;,&quot;animation_delay&quot;:600}\">\n\t\t\t\t<div class=\"elementor-element elementor-element-58e1a6c elementor-widget__width-inherit elementor-widget-mobile__width-inherit elementor-invisible elementor-widget elementor-widget-heading\" data-id=\"58e1a6c\" data-element_type=\"widget\" data-e-type=\"widget\" data-settings=\"{&quot;_animation&quot;:&quot;fadeIn&quot;,&quot;_animation_delay&quot;:200}\" data-widget_type=\"heading.default\">\n\t\t\t\t<div class=\"elementor-widget-container\">\n\t\t\t\t\t<h3 class=\"elementor-heading-title elementor-size-default\">More than a client,<\/br>\nis an ally in the same mission:<\/br>\nto apply genetics in an ethical, precise and useful way.<\/h3>\t\t\t\t<\/div>\n\t\t\t\t<\/div>\n\t\t\t\t<\/div>\n\t\t<div class=\"elementor-element elementor-element-8289107 e-con-full e-flex elementor-invisible e-con e-child\" data-id=\"8289107\" data-element_type=\"container\" data-e-type=\"container\" data-settings=\"{&quot;background_background&quot;:&quot;classic&quot;,&quot;animation&quot;:&quot;fadeIn&quot;,&quot;animation_delay&quot;:400}\">\n\t\t\t\t<div class=\"elementor-element elementor-element-e00effc elementor-widget elementor-widget-text-editor\" data-id=\"e00effc\" data-element_type=\"widget\" data-e-type=\"widget\" data-widget_type=\"text-editor.default\">\n\t\t\t\t<div class=\"elementor-widget-container\">\n\t\t\t\t\t\t\t\t\t<p>Every customer who uses Matchg\u00e9nica is part of a network of professionals committed to cutting-edge science.<br \/>Universities, hospitals and laboratories have already used Matchg\u00e9nica to speed up genetic analysis, reduce errors and facilitate decision-making in their research projects.<\/p><p>At Duponte, we understand that innovation is not built alone, but together with those who research, diagnose, cure and generate knowledge.<\/p>\t\t\t\t\t\t\t\t<\/div>\n\t\t\t\t<\/div>\n\t\t\t\t<\/div>\n\t\t\t\t<\/div>\n\t\t\t\t\t<\/div>\n\t\t\t\t<\/div>\n\t\t<div class=\"elementor-element elementor-element-301fa28d e-flex e-con-boxed e-con e-parent\" data-id=\"301fa28d\" data-element_type=\"container\" data-e-type=\"container\">\n\t\t\t\t\t<div class=\"e-con-inner\">\n\t\t<section class=\"elementor-element elementor-element-227f6625 e-con-full e-flex e-con e-child\" data-id=\"227f6625\" data-element_type=\"container\" data-e-type=\"container\" data-settings=\"{&quot;background_background&quot;:&quot;classic&quot;}\">\n\t\t<div class=\"elementor-element elementor-element-36bee7e0 e-con-full e-flex e-con e-child\" data-id=\"36bee7e0\" data-element_type=\"container\" data-e-type=\"container\">\n\t\t\t\t<div class=\"elementor-element elementor-element-50f3d83b elementor-widget elementor-widget-heading\" data-id=\"50f3d83b\" data-element_type=\"widget\" data-e-type=\"widget\" data-widget_type=\"heading.default\">\n\t\t\t\t<div class=\"elementor-widget-container\">\n\t\t\t\t\t<h2 class=\"elementor-heading-title elementor-size-default\">They already trust us<\/h2>\t\t\t\t<\/div>\n\t\t\t\t<\/div>\n\t\t\t\t<\/div>\n\t\t\t\t<div class=\"elementor-element elementor-element-7fdadfd7 elementor-widget__width-inherit elementor-widget elementor-widget-loop-carousel\" data-id=\"7fdadfd7\" data-element_type=\"widget\" data-e-type=\"widget\" data-settings=\"{&quot;speed&quot;:1000,&quot;template_id&quot;:7853,&quot;image_spacing_custom&quot;:{&quot;unit&quot;:&quot;px&quot;,&quot;size&quot;:50,&quot;sizes&quot;:[]},&quot;slides_to_show&quot;:&quot;2&quot;,&quot;slides_to_show_tablet&quot;:&quot;3&quot;,&quot;autoplay_speed&quot;:2000,&quot;_skin&quot;:&quot;post&quot;,&quot;slides_to_show_mobile&quot;:&quot;1&quot;,&quot;slides_to_scroll&quot;:&quot;1&quot;,&quot;edit_handle_selector&quot;:&quot;.elementor-loop-container&quot;,&quot;autoplay&quot;:&quot;yes&quot;,&quot;pause_on_hover&quot;:&quot;yes&quot;,&quot;pause_on_interaction&quot;:&quot;yes&quot;,&quot;infinite&quot;:&quot;yes&quot;,&quot;offset_sides&quot;:&quot;none&quot;,&quot;image_spacing_custom_tablet&quot;:{&quot;unit&quot;:&quot;px&quot;,&quot;size&quot;:&quot;&quot;,&quot;sizes&quot;:[]},&quot;image_spacing_custom_mobile&quot;:{&quot;unit&quot;:&quot;px&quot;,&quot;size&quot;:&quot;&quot;,&quot;sizes&quot;:[]}}\" data-widget_type=\"loop-carousel.post\">\n\t\t\t\t<div class=\"elementor-widget-container\">\n\t\t\t\t\t\t\t<div class=\"swiper elementor-loop-container elementor-grid\" role=\"list\" dir=\"ltr\">\n\t\t\t\t<div class=\"swiper-wrapper\" aria-live=\"off\">\n\t\t<style id=\"loop-7853\">.elementor-7853 .elementor-element.elementor-element-13d59455{--display:flex;--flex-direction:column;--container-widget-width:100%;--container-widget-height:initial;--container-widget-flex-grow:0;--container-widget-align-self:initial;--flex-wrap-mobile:wrap;--padding-top:0px;--padding-bottom:0px;--padding-left:0px;--padding-right:0px;}.elementor-7853 .elementor-element.elementor-element-32fa8697{--display:flex;--flex-direction:row;--container-widget-width:calc( ( 1 - var( --container-widget-flex-grow ) ) * 100% );--container-widget-height:100%;--container-widget-flex-grow:1;--container-widget-align-self:stretch;--flex-wrap-mobile:wrap;--justify-content:center;--align-items:center;--padding-top:0px;--padding-bottom:0px;--padding-left:0px;--padding-right:0px;}.elementor-widget-theme-post-featured-image .widget-image-caption{color:var( --e-global-color-text );font-family:var( --e-global-typography-text-font-family ), Sans-serif;font-size:var( --e-global-typography-text-font-size );font-weight:var( --e-global-typography-text-font-weight );}.elementor-7853 .elementor-element.elementor-element-7ee29f0c img{width:100%;height:100%;object-fit:contain;object-position:center center;}.elementor-7853 .elementor-element.elementor-element-7bb66834{--display:flex;border-style:solid;--border-style:solid;border-width:2px 0px 0px 0px;--border-top-width:2px;--border-right-width:0px;--border-bottom-width:0px;--border-left-width:0px;border-color:var( --e-global-color-primary );--border-color:var( --e-global-color-primary );--padding-top:0px;--padding-bottom:0px;--padding-left:0px;--padding-right:0px;}.elementor-widget-post-info .elementor-icon-list-item:not(:last-child):after{border-color:var( --e-global-color-text );}.elementor-widget-post-info .elementor-icon-list-icon i{color:var( --e-global-color-primary );}.elementor-widget-post-info .elementor-icon-list-icon svg{fill:var( --e-global-color-primary );}.elementor-widget-post-info .elementor-icon-list-text, .elementor-widget-post-info .elementor-icon-list-text a{color:var( --e-global-color-secondary );}.elementor-widget-post-info .elementor-icon-list-item{font-family:var( --e-global-typography-text-font-family ), Sans-serif;font-size:var( --e-global-typography-text-font-size );font-weight:var( --e-global-typography-text-font-weight );}.elementor-7853 .elementor-element.elementor-element-495e2446 .elementor-icon-list-icon i{color:var( --e-global-color-secondary );font-size:14px;}.elementor-7853 .elementor-element.elementor-element-495e2446 .elementor-icon-list-icon svg{fill:var( --e-global-color-secondary );--e-icon-list-icon-size:14px;}.elementor-7853 .elementor-element.elementor-element-495e2446 .elementor-icon-list-icon{width:14px;}.elementor-7853 .elementor-element.elementor-element-495e2446 .elementor-icon-list-text, .elementor-7853 .elementor-element.elementor-element-495e2446 .elementor-icon-list-text a{color:var( --e-global-color-primary );}.elementor-7853 .elementor-element.elementor-element-495e2446 .elementor-icon-list-item{font-family:\"Inter\", Sans-serif;font-size:14px;font-weight:400;}.elementor-7853 .elementor-element.elementor-element-495e2446 > .elementor-widget-container{padding:12px 30px 12px 30px;}@media(min-width:768px){.elementor-7853 .elementor-element.elementor-element-13d59455{--width:300px;}}@media(max-width:1024px){.elementor-widget-theme-post-featured-image .widget-image-caption{font-size:var( --e-global-typography-text-font-size );}.elementor-widget-post-info .elementor-icon-list-item{font-size:var( --e-global-typography-text-font-size );}}@media(max-width:767px){.elementor-widget-theme-post-featured-image .widget-image-caption{font-size:var( --e-global-typography-text-font-size );}.elementor-widget-post-info .elementor-icon-list-item{font-size:var( --e-global-typography-text-font-size );}}<\/style>\t\t<div data-elementor-type=\"loop-item\" data-elementor-id=\"7853\" class=\"elementor elementor-7853 swiper-slide e-loop-item e-loop-item-2761 post-2761 client type-client status-publish has-post-thumbnail hentry client_type-health-institution\" data-elementor-post-type=\"elementor_library\" role=\"group\" aria-roledescription=\"slide\" data-custom-edit-handle=\"1\">\n\t\t\t<a class=\"elementor-element elementor-element-13d59455 e-con-full card-client e-flex e-con e-parent\" data-id=\"13d59455\" data-element_type=\"container\" data-e-type=\"container\" href=\"https:\/\/clinicasamu.com\/\" target=\"_blank\">\n\t\t<div class=\"elementor-element elementor-element-32fa8697 e-con-full logo-container e-flex e-con e-child\" data-id=\"32fa8697\" data-element_type=\"container\" data-e-type=\"container\">\n\t\t\t\t<div class=\"elementor-element elementor-element-7ee29f0c elementor-widget elementor-widget-theme-post-featured-image elementor-widget-image\" data-id=\"7ee29f0c\" data-element_type=\"widget\" data-e-type=\"widget\" data-widget_type=\"theme-post-featured-image.default\">\n\t\t\t\t<div class=\"elementor-widget-container\">\n\t\t\t\t\t\t\t\t\t\t\t\t\t\t\t<img decoding=\"async\" width=\"235\" height=\"68\" src=\"https:\/\/duponteadn.com\/wp-content\/uploads\/2025\/06\/Samu-Wellness.png\" class=\"attachment-medium size-medium wp-image-2716\" alt=\"Samu Wellness\" \/>\t\t\t\t\t\t\t\t\t\t\t\t\t\t\t<\/div>\n\t\t\t\t<\/div>\n\t\t\t\t<\/div>\n\t\t<div class=\"elementor-element elementor-element-7bb66834 e-con-full info-container e-flex e-con e-child\" data-id=\"7bb66834\" data-element_type=\"container\" data-e-type=\"container\">\n\t\t\t\t<div class=\"elementor-element elementor-element-495e2446 elementor-align-center elementor-widget elementor-widget-post-info\" data-id=\"495e2446\" data-element_type=\"widget\" data-e-type=\"widget\" data-widget_type=\"post-info.default\">\n\t\t\t\t<div class=\"elementor-widget-container\">\n\t\t\t\t\t\t\t<ul class=\"elementor-inline-items elementor-icon-list-items elementor-post-info\">\n\t\t\t\t\t\t\t\t<li class=\"elementor-icon-list-item elementor-repeater-item-38dca2a elementor-inline-item\" itemprop=\"about\">\n\t\t\t\t\t\t\t\t\t\t\t\t\t<span class=\"elementor-icon-list-text elementor-post-info__item elementor-post-info__item--type-terms\">\n\t\t\t\t\t\t\t\t\t\t<span class=\"elementor-post-info__terms-list\">\n\t\t\t\t<span class=\"elementor-post-info__terms-list-item\">Health institution<\/span>\t\t\t\t<\/span>\n\t\t\t\t\t<\/span>\n\t\t\t\t\t\t\t\t<\/li>\n\t\t\t\t<\/ul>\n\t\t\t\t\t\t<\/div>\n\t\t\t\t<\/div>\n\t\t\t\t<\/div>\n\t\t\t\t<\/a>\n\t\t\t\t<\/div>\n\t\t\t\t<div data-elementor-type=\"loop-item\" data-elementor-id=\"7853\" class=\"elementor elementor-7853 swiper-slide e-loop-item e-loop-item-2762 post-2762 client type-client status-publish has-post-thumbnail hentry client_type-health-institution\" data-elementor-post-type=\"elementor_library\" role=\"group\" aria-roledescription=\"slide\" data-custom-edit-handle=\"1\">\n\t\t\t<a class=\"elementor-element elementor-element-13d59455 e-con-full card-client e-flex e-con e-parent\" data-id=\"13d59455\" data-element_type=\"container\" data-e-type=\"container\" href=\"https:\/\/www.ntde.es\/\" target=\"_blank\">\n\t\t<div class=\"elementor-element elementor-element-32fa8697 e-con-full logo-container e-flex e-con e-child\" data-id=\"32fa8697\" data-element_type=\"container\" data-e-type=\"container\">\n\t\t\t\t<div class=\"elementor-element elementor-element-7ee29f0c elementor-widget elementor-widget-theme-post-featured-image elementor-widget-image\" data-id=\"7ee29f0c\" data-element_type=\"widget\" data-e-type=\"widget\" data-widget_type=\"theme-post-featured-image.default\">\n\t\t\t\t<div class=\"elementor-widget-container\">\n\t\t\t\t\t\t\t\t\t\t\t\t\t\t\t<img decoding=\"async\" width=\"99\" height=\"97\" src=\"https:\/\/duponteadn.com\/wp-content\/uploads\/2025\/06\/NTDE.png\" class=\"attachment-medium size-medium wp-image-2714\" alt=\"NTDE\" \/>\t\t\t\t\t\t\t\t\t\t\t\t\t\t\t<\/div>\n\t\t\t\t<\/div>\n\t\t\t\t<\/div>\n\t\t<div class=\"elementor-element elementor-element-7bb66834 e-con-full info-container e-flex e-con e-child\" data-id=\"7bb66834\" data-element_type=\"container\" data-e-type=\"container\">\n\t\t\t\t<div class=\"elementor-element elementor-element-495e2446 elementor-align-center elementor-widget elementor-widget-post-info\" data-id=\"495e2446\" data-element_type=\"widget\" data-e-type=\"widget\" data-widget_type=\"post-info.default\">\n\t\t\t\t<div class=\"elementor-widget-container\">\n\t\t\t\t\t\t\t<ul class=\"elementor-inline-items elementor-icon-list-items elementor-post-info\">\n\t\t\t\t\t\t\t\t<li class=\"elementor-icon-list-item elementor-repeater-item-38dca2a elementor-inline-item\" itemprop=\"about\">\n\t\t\t\t\t\t\t\t\t\t\t\t\t<span class=\"elementor-icon-list-text elementor-post-info__item elementor-post-info__item--type-terms\">\n\t\t\t\t\t\t\t\t\t\t<span class=\"elementor-post-info__terms-list\">\n\t\t\t\t<span class=\"elementor-post-info__terms-list-item\">Health institution<\/span>\t\t\t\t<\/span>\n\t\t\t\t\t<\/span>\n\t\t\t\t\t\t\t\t<\/li>\n\t\t\t\t<\/ul>\n\t\t\t\t\t\t<\/div>\n\t\t\t\t<\/div>\n\t\t\t\t<\/div>\n\t\t\t\t<\/a>\n\t\t\t\t<\/div>\n\t\t\t\t<\/div>\n\t\t<\/div>\n\t\t\t\t\t\t<\/div>\n\t\t\t\t<\/div>\n\t\t\t\t<\/section>\n\t\t\t\t\t<\/div>\n\t\t\t\t<\/div>\n\t\t\t\t<\/div>\n\t\t","protected":false},"excerpt":{"rendered":"<p>our clients Clients who already trust Matchgenica More than a client, is an ally in the same mission: to apply genetics in an ethical, precise and useful way. Every customer who uses Matchg\u00e9nica is part of a network of professionals committed to cutting-edge science.Universities, hospitals and laboratories have already used Matchg\u00e9nica to speed up genetic [&hellip;]<\/p>\n","protected":false},"author":1,"featured_media":2684,"parent":0,"menu_order":0,"comment_status":"closed","ping_status":"closed","template":"elementor_header_footer","meta":{"footnotes":"","_links_to":"","_links_to_target":""},"class_list":["post-2910","page","type-page","status-publish","has-post-thumbnail","hentry"],"yoast_head":"<!-- This site is optimized with the Yoast SEO plugin v27.0 - https:\/\/yoast.com\/product\/yoast-seo-wordpress\/ -->\n<title>Clients | DuponteADN<\/title>\n<meta name=\"description\" content=\"At Duponte, we combine science and technology to bring genetics to those who need it most. Discover our clients.\" \/>\n<meta name=\"robots\" content=\"index, follow, max-snippet:-1, max-image-preview:large, max-video-preview:-1\" \/>\n<link rel=\"canonical\" href=\"https:\/\/duponteadn.com\/en\/clients\/\" \/>\n<meta property=\"og:locale\" content=\"en_US\" \/>\n<meta property=\"og:type\" content=\"article\" \/>\n<meta property=\"og:title\" content=\"clients\" \/>\n<meta property=\"og:description\" content=\"At Duponte, we combine science and technology to bring genetics to those who need it most. Discover our clients.\" \/>\n<meta property=\"og:url\" content=\"https:\/\/duponteadn.com\/en\/clients\/\" \/>\n<meta property=\"og:site_name\" content=\"DuponteADN\" \/>\n<meta property=\"article:publisher\" content=\"https:\/\/www.facebook.com\/DuponteGroup\" \/>\n<meta property=\"article:modified_time\" content=\"2025-07-11T08:11:40+00:00\" \/>\n<meta property=\"og:image\" content=\"https:\/\/duponteadn.com\/wp-content\/uploads\/2025\/06\/seo-card.jpg\" \/>\n\t<meta property=\"og:image:width\" content=\"800\" \/>\n\t<meta property=\"og:image:height\" content=\"418\" \/>\n\t<meta property=\"og:image:type\" content=\"image\/jpeg\" \/>\n<meta name=\"twitter:card\" content=\"summary_large_image\" \/>\n<meta name=\"twitter:title\" content=\"clients\" \/>\n<meta name=\"twitter:description\" content=\"At Duponte, we combine science and technology to bring genetics to those who need it most. Discover our clients.\" \/>\n<meta name=\"twitter:image\" content=\"https:\/\/duponteadn.com\/wp-content\/uploads\/2025\/06\/seo-card.jpg\" \/>\n<meta name=\"twitter:site\" content=\"@DuponteGroup\" \/>\n<meta name=\"twitter:label1\" content=\"Est. reading time\" \/>\n\t<meta name=\"twitter:data1\" content=\"3 minutes\" \/>\n<script type=\"application\/ld+json\" class=\"yoast-schema-graph\">{\"@context\":\"https:\/\/schema.org\",\"@graph\":[{\"@type\":\"WebPage\",\"@id\":\"https:\/\/duponteadn.com\/en\/clients\/\",\"url\":\"https:\/\/duponteadn.com\/en\/clients\/\",\"name\":\"Clients | DuponteADN\",\"isPartOf\":{\"@id\":\"https:\/\/duponteadn.com\/#website\"},\"primaryImageOfPage\":{\"@id\":\"https:\/\/duponteadn.com\/en\/clients\/#primaryimage\"},\"image\":{\"@id\":\"https:\/\/duponteadn.com\/en\/clients\/#primaryimage\"},\"thumbnailUrl\":\"https:\/\/duponteadn.com\/wp-content\/uploads\/2025\/06\/cropped-Duponte-Favicon.png\",\"datePublished\":\"2025-06-09T08:28:51+00:00\",\"dateModified\":\"2025-07-11T08:11:40+00:00\",\"description\":\"At Duponte, we combine science and technology to bring genetics to those who need it most. Discover our clients.\",\"breadcrumb\":{\"@id\":\"https:\/\/duponteadn.com\/en\/clients\/#breadcrumb\"},\"inLanguage\":\"en-US\",\"potentialAction\":[{\"@type\":\"ReadAction\",\"target\":[\"https:\/\/duponteadn.com\/en\/clients\/\"]}]},{\"@type\":\"ImageObject\",\"inLanguage\":\"en-US\",\"@id\":\"https:\/\/duponteadn.com\/en\/clients\/#primaryimage\",\"url\":\"https:\/\/duponteadn.com\/wp-content\/uploads\/2025\/06\/cropped-Duponte-Favicon.png\",\"contentUrl\":\"https:\/\/duponteadn.com\/wp-content\/uploads\/2025\/06\/cropped-Duponte-Favicon.png\",\"width\":512,\"height\":512,\"caption\":\"Duponte Favicon\"},{\"@type\":\"BreadcrumbList\",\"@id\":\"https:\/\/duponteadn.com\/en\/clients\/#breadcrumb\",\"itemListElement\":[{\"@type\":\"ListItem\",\"position\":1,\"name\":\"Duponte\",\"item\":\"https:\/\/duponteadn.com\/en\/\"},{\"@type\":\"ListItem\",\"position\":2,\"name\":\"Clients\"}]},{\"@type\":\"WebSite\",\"@id\":\"https:\/\/duponteadn.com\/#website\",\"url\":\"https:\/\/duponteadn.com\/\",\"name\":\"Duponte\",\"description\":\"Innovaci\u00f3n en gen\u00e9tica para decisiones cl\u00ednicas precisas\",\"publisher\":{\"@id\":\"https:\/\/duponteadn.com\/#organization\"},\"alternateName\":\"DuponteADN\",\"potentialAction\":[{\"@type\":\"SearchAction\",\"target\":{\"@type\":\"EntryPoint\",\"urlTemplate\":\"https:\/\/duponteadn.com\/?s={search_term_string}\"},\"query-input\":{\"@type\":\"PropertyValueSpecification\",\"valueRequired\":true,\"valueName\":\"search_term_string\"}}],\"inLanguage\":\"en-US\"},{\"@type\":\"Organization\",\"@id\":\"https:\/\/duponteadn.com\/#organization\",\"name\":\"Duponte\",\"alternateName\":\"DuponteADN\",\"url\":\"https:\/\/duponteadn.com\/\",\"logo\":{\"@type\":\"ImageObject\",\"inLanguage\":\"en-US\",\"@id\":\"https:\/\/duponteadn.com\/#\/schema\/logo\/image\/\",\"url\":\"https:\/\/duponteadn.com\/wp-content\/uploads\/2025\/06\/logo-duponte-blue.svg\",\"contentUrl\":\"https:\/\/duponteadn.com\/wp-content\/uploads\/2025\/06\/logo-duponte-blue.svg\",\"width\":170,\"height\":39,\"caption\":\"Duponte\"},\"image\":{\"@id\":\"https:\/\/duponteadn.com\/#\/schema\/logo\/image\/\"},\"sameAs\":[\"https:\/\/www.facebook.com\/DuponteGroup\",\"https:\/\/x.com\/DuponteGroup\",\"https:\/\/www.linkedin.com\/company\/duponte-group\/\",\"https:\/\/www.instagram.com\/duponteacademy\/\"]}]}<\/script>\n<!-- \/ Yoast SEO plugin. -->","yoast_head_json":{"title":"Clients | DuponteADN","description":"At Duponte, we combine science and technology to bring genetics to those who need it most. Discover our clients.","robots":{"index":"index","follow":"follow","max-snippet":"max-snippet:-1","max-image-preview":"max-image-preview:large","max-video-preview":"max-video-preview:-1"},"canonical":"https:\/\/duponteadn.com\/en\/clients\/","og_locale":"en_US","og_type":"article","og_title":"clients","og_description":"At Duponte, we combine science and technology to bring genetics to those who need it most. Discover our clients.","og_url":"https:\/\/duponteadn.com\/en\/clients\/","og_site_name":"DuponteADN","article_publisher":"https:\/\/www.facebook.com\/DuponteGroup","article_modified_time":"2025-07-11T08:11:40+00:00","og_image":[{"width":800,"height":418,"url":"https:\/\/duponteadn.com\/wp-content\/uploads\/2025\/06\/seo-card.jpg","type":"image\/jpeg"}],"twitter_card":"summary_large_image","twitter_title":"clients","twitter_description":"At Duponte, we combine science and technology to bring genetics to those who need it most. Discover our clients.","twitter_image":"https:\/\/duponteadn.com\/wp-content\/uploads\/2025\/06\/seo-card.jpg","twitter_site":"@DuponteGroup","twitter_misc":{"Est. reading time":"3 minutes"},"schema":{"@context":"https:\/\/schema.org","@graph":[{"@type":"WebPage","@id":"https:\/\/duponteadn.com\/en\/clients\/","url":"https:\/\/duponteadn.com\/en\/clients\/","name":"Clients | DuponteADN","isPartOf":{"@id":"https:\/\/duponteadn.com\/#website"},"primaryImageOfPage":{"@id":"https:\/\/duponteadn.com\/en\/clients\/#primaryimage"},"image":{"@id":"https:\/\/duponteadn.com\/en\/clients\/#primaryimage"},"thumbnailUrl":"https:\/\/duponteadn.com\/wp-content\/uploads\/2025\/06\/cropped-Duponte-Favicon.png","datePublished":"2025-06-09T08:28:51+00:00","dateModified":"2025-07-11T08:11:40+00:00","description":"At Duponte, we combine science and technology to bring genetics to those who need it most. Discover our clients.","breadcrumb":{"@id":"https:\/\/duponteadn.com\/en\/clients\/#breadcrumb"},"inLanguage":"en-US","potentialAction":[{"@type":"ReadAction","target":["https:\/\/duponteadn.com\/en\/clients\/"]}]},{"@type":"ImageObject","inLanguage":"en-US","@id":"https:\/\/duponteadn.com\/en\/clients\/#primaryimage","url":"https:\/\/duponteadn.com\/wp-content\/uploads\/2025\/06\/cropped-Duponte-Favicon.png","contentUrl":"https:\/\/duponteadn.com\/wp-content\/uploads\/2025\/06\/cropped-Duponte-Favicon.png","width":512,"height":512,"caption":"Duponte Favicon"},{"@type":"BreadcrumbList","@id":"https:\/\/duponteadn.com\/en\/clients\/#breadcrumb","itemListElement":[{"@type":"ListItem","position":1,"name":"Duponte","item":"https:\/\/duponteadn.com\/en\/"},{"@type":"ListItem","position":2,"name":"Clients"}]},{"@type":"WebSite","@id":"https:\/\/duponteadn.com\/#website","url":"https:\/\/duponteadn.com\/","name":"Duponte","description":"Innovaci\u00f3n en gen\u00e9tica para decisiones cl\u00ednicas precisas","publisher":{"@id":"https:\/\/duponteadn.com\/#organization"},"alternateName":"DuponteADN","potentialAction":[{"@type":"SearchAction","target":{"@type":"EntryPoint","urlTemplate":"https:\/\/duponteadn.com\/?s={search_term_string}"},"query-input":{"@type":"PropertyValueSpecification","valueRequired":true,"valueName":"search_term_string"}}],"inLanguage":"en-US"},{"@type":"Organization","@id":"https:\/\/duponteadn.com\/#organization","name":"Duponte","alternateName":"DuponteADN","url":"https:\/\/duponteadn.com\/","logo":{"@type":"ImageObject","inLanguage":"en-US","@id":"https:\/\/duponteadn.com\/#\/schema\/logo\/image\/","url":"https:\/\/duponteadn.com\/wp-content\/uploads\/2025\/06\/logo-duponte-blue.svg","contentUrl":"https:\/\/duponteadn.com\/wp-content\/uploads\/2025\/06\/logo-duponte-blue.svg","width":170,"height":39,"caption":"Duponte"},"image":{"@id":"https:\/\/duponteadn.com\/#\/schema\/logo\/image\/"},"sameAs":["https:\/\/www.facebook.com\/DuponteGroup","https:\/\/x.com\/DuponteGroup","https:\/\/www.linkedin.com\/company\/duponte-group\/","https:\/\/www.instagram.com\/duponteacademy\/"]}]}},"_links":{"self":[{"href":"https:\/\/duponteadn.com\/en\/wp-json\/wp\/v2\/pages\/2910","targetHints":{"allow":["GET"]}}],"collection":[{"href":"https:\/\/duponteadn.com\/en\/wp-json\/wp\/v2\/pages"}],"about":[{"href":"https:\/\/duponteadn.com\/en\/wp-json\/wp\/v2\/types\/page"}],"author":[{"embeddable":true,"href":"https:\/\/duponteadn.com\/en\/wp-json\/wp\/v2\/users\/1"}],"replies":[{"embeddable":true,"href":"https:\/\/duponteadn.com\/en\/wp-json\/wp\/v2\/comments?post=2910"}],"version-history":[{"count":27,"href":"https:\/\/duponteadn.com\/en\/wp-json\/wp\/v2\/pages\/2910\/revisions"}],"predecessor-version":[{"id":7940,"href":"https:\/\/duponteadn.com\/en\/wp-json\/wp\/v2\/pages\/2910\/revisions\/7940"}],"wp:featuredmedia":[{"embeddable":true,"href":"https:\/\/duponteadn.com\/en\/wp-json\/wp\/v2\/media\/2684"}],"wp:attachment":[{"href":"https:\/\/duponteadn.com\/en\/wp-json\/wp\/v2\/media?parent=2910"}],"curies":[{"name":"wp","href":"https:\/\/api.w.org\/{rel}","templated":true}]}}