{"id":2897,"date":"2025-06-09T13:01:55","date_gmt":"2025-06-09T11:01:55","guid":{"rendered":"https:\/\/duponteadn.com\/product\/tecnologias-analisis-genetico-anotacion-clinica-variantes\/"},"modified":"2025-07-11T12:04:36","modified_gmt":"2025-07-11T10:04:36","slug":"tecnologias-analisis-genetico-anotacion-clinica-variantes","status":"publish","type":"product","link":"https:\/\/duponteadn.com\/en\/cursos\/tecnologias-analisis-genetico-anotacion-clinica-variantes\/","title":{"rendered":"Genetic analysis and clinical variant annotation technologies"},"content":{"rendered":"<p>Lorem ipsum dolor sit amet consectetur. Sed non nulla pretium condimentum arcu imperdiet lorem enim. Dui ipsum pellentesque enim et gravida ornare at diam.<\/p>\n","protected":false},"excerpt":{"rendered":"<p>Lorem ipsum dolor sit amet consectetur. Sed non nulla pretium condimentum arcu imperdiet lorem enim. Dui ipsum pellentesque enim et gravida ornare at diam.<\/p>\n","protected":false},"featured_media":7959,"template":"","meta":{"_links_to":"","_links_to_target":""},"product_brand":[],"product_cat":[41],"product_tag":[],"class_list":{"0":"post-2897","1":"product","2":"type-product","3":"status-publish","4":"has-post-thumbnail","6":"product_cat-sin-categoria","8":"first","9":"instock","10":"virtual","11":"sold-individually","12":"taxable","13":"purchasable","14":"product-type-simple"},"yoast_head":"<!-- This site is optimized with the Yoast SEO plugin v27.0 - https:\/\/yoast.com\/product\/yoast-seo-wordpress\/ -->\n<title>Genetic analysis and clinical variant annotation technologies | DuponteADN<\/title>\n<meta name=\"robots\" content=\"index, follow, max-snippet:-1, max-image-preview:large, max-video-preview:-1\" \/>\n<link rel=\"canonical\" href=\"https:\/\/duponteadn.com\/en\/cursos\/tecnologias-analisis-genetico-anotacion-clinica-variantes\/\" \/>\n<meta property=\"og:locale\" content=\"en_US\" \/>\n<meta property=\"og:type\" content=\"article\" \/>\n<meta property=\"og:title\" content=\"Genetic analysis and clinical variant annotation technologies | DuponteADN\" \/>\n<meta property=\"og:description\" content=\"Lorem ipsum dolor sit amet consectetur. Sed non nulla pretium condimentum arcu imperdiet lorem enim. Dui ipsum pellentesque enim et gravida ornare at diam.\" \/>\n<meta property=\"og:url\" content=\"https:\/\/duponteadn.com\/en\/cursos\/tecnologias-analisis-genetico-anotacion-clinica-variantes\/\" \/>\n<meta property=\"og:site_name\" content=\"DuponteADN\" \/>\n<meta property=\"article:publisher\" content=\"https:\/\/www.facebook.com\/DuponteGroup\" \/>\n<meta property=\"article:modified_time\" content=\"2025-07-11T10:04:36+00:00\" \/>\n<meta property=\"og:image\" content=\"https:\/\/duponteadn.com\/wp-content\/uploads\/2025\/06\/Tecnologias-de-analisis-genetico-y-anotacion-clinica-de-variantes-1.webp\" \/>\n\t<meta property=\"og:image:width\" content=\"840\" \/>\n\t<meta property=\"og:image:height\" content=\"578\" \/>\n\t<meta property=\"og:image:type\" content=\"image\/webp\" \/>\n<meta name=\"twitter:card\" content=\"summary_large_image\" \/>\n<meta name=\"twitter:site\" content=\"@DuponteGroup\" \/>\n<meta name=\"twitter:label1\" content=\"Est. reading time\" \/>\n\t<meta name=\"twitter:data1\" content=\"1 minute\" \/>\n<script type=\"application\/ld+json\" class=\"yoast-schema-graph\">{\"@context\":\"https:\/\/schema.org\",\"@graph\":[{\"@type\":\"WebPage\",\"@id\":\"https:\/\/duponteadn.com\/en\/cursos\/tecnologias-analisis-genetico-anotacion-clinica-variantes\/\",\"url\":\"https:\/\/duponteadn.com\/en\/cursos\/tecnologias-analisis-genetico-anotacion-clinica-variantes\/\",\"name\":\"Genetic analysis and clinical variant annotation technologies | DuponteADN\",\"isPartOf\":{\"@id\":\"https:\/\/duponteadn.com\/#website\"},\"primaryImageOfPage\":{\"@id\":\"https:\/\/duponteadn.com\/en\/cursos\/tecnologias-analisis-genetico-anotacion-clinica-variantes\/#primaryimage\"},\"image\":{\"@id\":\"https:\/\/duponteadn.com\/en\/cursos\/tecnologias-analisis-genetico-anotacion-clinica-variantes\/#primaryimage\"},\"thumbnailUrl\":\"https:\/\/duponteadn.com\/wp-content\/uploads\/2025\/06\/Tecnologias-de-analisis-genetico-y-anotacion-clinica-de-variantes-1.webp\",\"datePublished\":\"2025-06-09T11:01:55+00:00\",\"dateModified\":\"2025-07-11T10:04:36+00:00\",\"breadcrumb\":{\"@id\":\"https:\/\/duponteadn.com\/en\/cursos\/tecnologias-analisis-genetico-anotacion-clinica-variantes\/#breadcrumb\"},\"inLanguage\":\"en-US\",\"potentialAction\":[{\"@type\":\"ReadAction\",\"target\":[\"https:\/\/duponteadn.com\/en\/cursos\/tecnologias-analisis-genetico-anotacion-clinica-variantes\/\"]}]},{\"@type\":\"ImageObject\",\"inLanguage\":\"en-US\",\"@id\":\"https:\/\/duponteadn.com\/en\/cursos\/tecnologias-analisis-genetico-anotacion-clinica-variantes\/#primaryimage\",\"url\":\"https:\/\/duponteadn.com\/wp-content\/uploads\/2025\/06\/Tecnologias-de-analisis-genetico-y-anotacion-clinica-de-variantes-1.webp\",\"contentUrl\":\"https:\/\/duponteadn.com\/wp-content\/uploads\/2025\/06\/Tecnologias-de-analisis-genetico-y-anotacion-clinica-de-variantes-1.webp\",\"width\":840,\"height\":578,\"caption\":\"Tecnolog\u00edas de an\u00e1lisis gen\u00e9tico y anotaci\u00f3n cl\u00ednica de variantes\"},{\"@type\":\"BreadcrumbList\",\"@id\":\"https:\/\/duponteadn.com\/en\/cursos\/tecnologias-analisis-genetico-anotacion-clinica-variantes\/#breadcrumb\",\"itemListElement\":[{\"@type\":\"ListItem\",\"position\":1,\"name\":\"Duponte\",\"item\":\"https:\/\/duponteadn.com\/en\/\"},{\"@type\":\"ListItem\",\"position\":2,\"name\":\"Courses\",\"item\":\"https:\/\/duponteadn.com\/en\/courses\/\"},{\"@type\":\"ListItem\",\"position\":3,\"name\":\"Genetic analysis and clinical variant annotation technologies\"}]},{\"@type\":\"WebSite\",\"@id\":\"https:\/\/duponteadn.com\/#website\",\"url\":\"https:\/\/duponteadn.com\/\",\"name\":\"Duponte\",\"description\":\"Innovaci\u00f3n en gen\u00e9tica para decisiones cl\u00ednicas precisas\",\"publisher\":{\"@id\":\"https:\/\/duponteadn.com\/#organization\"},\"alternateName\":\"DuponteADN\",\"potentialAction\":[{\"@type\":\"SearchAction\",\"target\":{\"@type\":\"EntryPoint\",\"urlTemplate\":\"https:\/\/duponteadn.com\/?s={search_term_string}\"},\"query-input\":{\"@type\":\"PropertyValueSpecification\",\"valueRequired\":true,\"valueName\":\"search_term_string\"}}],\"inLanguage\":\"en-US\"},{\"@type\":\"Organization\",\"@id\":\"https:\/\/duponteadn.com\/#organization\",\"name\":\"Duponte\",\"alternateName\":\"DuponteADN\",\"url\":\"https:\/\/duponteadn.com\/\",\"logo\":{\"@type\":\"ImageObject\",\"inLanguage\":\"en-US\",\"@id\":\"https:\/\/duponteadn.com\/#\/schema\/logo\/image\/\",\"url\":\"https:\/\/duponteadn.com\/wp-content\/uploads\/2025\/06\/logo-duponte-blue.svg\",\"contentUrl\":\"https:\/\/duponteadn.com\/wp-content\/uploads\/2025\/06\/logo-duponte-blue.svg\",\"width\":170,\"height\":39,\"caption\":\"Duponte\"},\"image\":{\"@id\":\"https:\/\/duponteadn.com\/#\/schema\/logo\/image\/\"},\"sameAs\":[\"https:\/\/www.facebook.com\/DuponteGroup\",\"https:\/\/x.com\/DuponteGroup\",\"https:\/\/www.linkedin.com\/company\/duponte-group\/\",\"https:\/\/www.instagram.com\/duponteacademy\/\"]}]}<\/script>\n<!-- \/ Yoast SEO plugin. -->","yoast_head_json":{"title":"Genetic analysis and clinical variant annotation technologies | DuponteADN","robots":{"index":"index","follow":"follow","max-snippet":"max-snippet:-1","max-image-preview":"max-image-preview:large","max-video-preview":"max-video-preview:-1"},"canonical":"https:\/\/duponteadn.com\/en\/cursos\/tecnologias-analisis-genetico-anotacion-clinica-variantes\/","og_locale":"en_US","og_type":"article","og_title":"Genetic analysis and clinical variant annotation technologies | DuponteADN","og_description":"Lorem ipsum dolor sit amet consectetur. Sed non nulla pretium condimentum arcu imperdiet lorem enim. Dui ipsum pellentesque enim et gravida ornare at diam.","og_url":"https:\/\/duponteadn.com\/en\/cursos\/tecnologias-analisis-genetico-anotacion-clinica-variantes\/","og_site_name":"DuponteADN","article_publisher":"https:\/\/www.facebook.com\/DuponteGroup","article_modified_time":"2025-07-11T10:04:36+00:00","og_image":[{"width":840,"height":578,"url":"https:\/\/duponteadn.com\/wp-content\/uploads\/2025\/06\/Tecnologias-de-analisis-genetico-y-anotacion-clinica-de-variantes-1.webp","type":"image\/webp"}],"twitter_card":"summary_large_image","twitter_site":"@DuponteGroup","twitter_misc":{"Est. reading time":"1 minute"},"schema":{"@context":"https:\/\/schema.org","@graph":[{"@type":"WebPage","@id":"https:\/\/duponteadn.com\/en\/cursos\/tecnologias-analisis-genetico-anotacion-clinica-variantes\/","url":"https:\/\/duponteadn.com\/en\/cursos\/tecnologias-analisis-genetico-anotacion-clinica-variantes\/","name":"Genetic analysis and clinical variant annotation technologies | DuponteADN","isPartOf":{"@id":"https:\/\/duponteadn.com\/#website"},"primaryImageOfPage":{"@id":"https:\/\/duponteadn.com\/en\/cursos\/tecnologias-analisis-genetico-anotacion-clinica-variantes\/#primaryimage"},"image":{"@id":"https:\/\/duponteadn.com\/en\/cursos\/tecnologias-analisis-genetico-anotacion-clinica-variantes\/#primaryimage"},"thumbnailUrl":"https:\/\/duponteadn.com\/wp-content\/uploads\/2025\/06\/Tecnologias-de-analisis-genetico-y-anotacion-clinica-de-variantes-1.webp","datePublished":"2025-06-09T11:01:55+00:00","dateModified":"2025-07-11T10:04:36+00:00","breadcrumb":{"@id":"https:\/\/duponteadn.com\/en\/cursos\/tecnologias-analisis-genetico-anotacion-clinica-variantes\/#breadcrumb"},"inLanguage":"en-US","potentialAction":[{"@type":"ReadAction","target":["https:\/\/duponteadn.com\/en\/cursos\/tecnologias-analisis-genetico-anotacion-clinica-variantes\/"]}]},{"@type":"ImageObject","inLanguage":"en-US","@id":"https:\/\/duponteadn.com\/en\/cursos\/tecnologias-analisis-genetico-anotacion-clinica-variantes\/#primaryimage","url":"https:\/\/duponteadn.com\/wp-content\/uploads\/2025\/06\/Tecnologias-de-analisis-genetico-y-anotacion-clinica-de-variantes-1.webp","contentUrl":"https:\/\/duponteadn.com\/wp-content\/uploads\/2025\/06\/Tecnologias-de-analisis-genetico-y-anotacion-clinica-de-variantes-1.webp","width":840,"height":578,"caption":"Tecnolog\u00edas de an\u00e1lisis gen\u00e9tico y anotaci\u00f3n cl\u00ednica de variantes"},{"@type":"BreadcrumbList","@id":"https:\/\/duponteadn.com\/en\/cursos\/tecnologias-analisis-genetico-anotacion-clinica-variantes\/#breadcrumb","itemListElement":[{"@type":"ListItem","position":1,"name":"Duponte","item":"https:\/\/duponteadn.com\/en\/"},{"@type":"ListItem","position":2,"name":"Courses","item":"https:\/\/duponteadn.com\/en\/courses\/"},{"@type":"ListItem","position":3,"name":"Genetic analysis and clinical variant annotation technologies"}]},{"@type":"WebSite","@id":"https:\/\/duponteadn.com\/#website","url":"https:\/\/duponteadn.com\/","name":"Duponte","description":"Innovaci\u00f3n en gen\u00e9tica para decisiones cl\u00ednicas precisas","publisher":{"@id":"https:\/\/duponteadn.com\/#organization"},"alternateName":"DuponteADN","potentialAction":[{"@type":"SearchAction","target":{"@type":"EntryPoint","urlTemplate":"https:\/\/duponteadn.com\/?s={search_term_string}"},"query-input":{"@type":"PropertyValueSpecification","valueRequired":true,"valueName":"search_term_string"}}],"inLanguage":"en-US"},{"@type":"Organization","@id":"https:\/\/duponteadn.com\/#organization","name":"Duponte","alternateName":"DuponteADN","url":"https:\/\/duponteadn.com\/","logo":{"@type":"ImageObject","inLanguage":"en-US","@id":"https:\/\/duponteadn.com\/#\/schema\/logo\/image\/","url":"https:\/\/duponteadn.com\/wp-content\/uploads\/2025\/06\/logo-duponte-blue.svg","contentUrl":"https:\/\/duponteadn.com\/wp-content\/uploads\/2025\/06\/logo-duponte-blue.svg","width":170,"height":39,"caption":"Duponte"},"image":{"@id":"https:\/\/duponteadn.com\/#\/schema\/logo\/image\/"},"sameAs":["https:\/\/www.facebook.com\/DuponteGroup","https:\/\/x.com\/DuponteGroup","https:\/\/www.linkedin.com\/company\/duponte-group\/","https:\/\/www.instagram.com\/duponteacademy\/"]}]}},"_links":{"self":[{"href":"https:\/\/duponteadn.com\/en\/wp-json\/wp\/v2\/product\/2897","targetHints":{"allow":["GET"]}}],"collection":[{"href":"https:\/\/duponteadn.com\/en\/wp-json\/wp\/v2\/product"}],"about":[{"href":"https:\/\/duponteadn.com\/en\/wp-json\/wp\/v2\/types\/product"}],"wp:featuredmedia":[{"embeddable":true,"href":"https:\/\/duponteadn.com\/en\/wp-json\/wp\/v2\/media\/7959"}],"wp:attachment":[{"href":"https:\/\/duponteadn.com\/en\/wp-json\/wp\/v2\/media?parent=2897"}],"wp:term":[{"taxonomy":"product_brand","embeddable":true,"href":"https:\/\/duponteadn.com\/en\/wp-json\/wp\/v2\/product_brand?post=2897"},{"taxonomy":"product_cat","embeddable":true,"href":"https:\/\/duponteadn.com\/en\/wp-json\/wp\/v2\/product_cat?post=2897"},{"taxonomy":"product_tag","embeddable":true,"href":"https:\/\/duponteadn.com\/en\/wp-json\/wp\/v2\/product_tag?post=2897"}],"curies":[{"name":"wp","href":"https:\/\/api.w.org\/{rel}","templated":true}]}}