{"id":2898,"date":"2025-06-09T12:58:46","date_gmt":"2025-06-09T10:58:46","guid":{"rendered":"https:\/\/duponteadn.com\/product\/genetica-respuesta-farmacos\/"},"modified":"2025-07-11T12:04:45","modified_gmt":"2025-07-11T10:04:45","slug":"genetica-respuesta-farmacos","status":"publish","type":"product","link":"https:\/\/duponteadn.com\/en\/cursos\/genetica-respuesta-farmacos\/","title":{"rendered":"Genetics of drug response"},"content":{"rendered":"<p>This 100% online course will open the doors to the world of pharmacogenetics, revealing how each patient&#8217;s genetic information can make the difference between therapeutic success and failure.<\/p>\n<p>You will learn to identify the key elements of the human genome, you will understand how certain genes influence the response to different drugs and why different alleles can be decisive in the choice of the most effective treatment.<\/p>\n<p>Throughout the course, you will be immersed in real cases, recent scientific advances and tools that are transforming clinical practice. Ideal for healthcare professionals, researchers and students who want to master the fundamentals of genomic medicine and lead the shift towards truly personalized healthcare.<\/p>\n","protected":false},"excerpt":{"rendered":"<p>Course aimed at students, healthcare professionals and researchers who want to get ahead of the future of personalized medicine.<\/p>\n<p>Learn how genetics influences drug response and acquire key tools to apply pharmacogenetics in clinical practice, research or therapeutic innovation.<\/p>\n","protected":false},"featured_media":7956,"template":"","meta":{"_links_to":"","_links_to_target":""},"product_brand":[],"product_cat":[41],"product_tag":[],"class_list":{"0":"post-2898","1":"product","2":"type-product","3":"status-publish","4":"has-post-thumbnail","6":"product_cat-sin-categoria","8":"first","9":"instock","10":"virtual","11":"sold-individually","12":"taxable","13":"purchasable","14":"product-type-simple"},"yoast_head":"<!-- This site is optimized with the Yoast SEO plugin v27.0 - https:\/\/yoast.com\/product\/yoast-seo-wordpress\/ -->\n<title>Genetics of drug response | DuponteADN<\/title>\n<meta name=\"robots\" content=\"index, follow, max-snippet:-1, max-image-preview:large, max-video-preview:-1\" \/>\n<link rel=\"canonical\" href=\"https:\/\/duponteadn.com\/en\/cursos\/genetica-respuesta-farmacos\/\" \/>\n<meta property=\"og:locale\" content=\"en_US\" \/>\n<meta property=\"og:type\" content=\"article\" \/>\n<meta property=\"og:title\" content=\"Genetics of drug response | DuponteADN\" \/>\n<meta property=\"og:description\" content=\"Course aimed at students, healthcare professionals and researchers who want to get ahead of the future of personalized medicine.  Learn how genetics influences drug response and acquire key tools to apply pharmacogenetics in clinical practice, research or therapeutic innovation.\" \/>\n<meta property=\"og:url\" content=\"https:\/\/duponteadn.com\/en\/cursos\/genetica-respuesta-farmacos\/\" \/>\n<meta property=\"og:site_name\" content=\"DuponteADN\" \/>\n<meta property=\"article:publisher\" content=\"https:\/\/www.facebook.com\/DuponteGroup\" \/>\n<meta property=\"article:modified_time\" content=\"2025-07-11T10:04:45+00:00\" \/>\n<meta property=\"og:image\" content=\"https:\/\/duponteadn.com\/wp-content\/uploads\/2025\/06\/Genetica-de-la-respuesta-a-farmacos-1.webp\" \/>\n\t<meta property=\"og:image:width\" content=\"840\" \/>\n\t<meta property=\"og:image:height\" content=\"578\" \/>\n\t<meta property=\"og:image:type\" content=\"image\/webp\" \/>\n<meta name=\"twitter:card\" content=\"summary_large_image\" \/>\n<meta name=\"twitter:site\" content=\"@DuponteGroup\" \/>\n<meta name=\"twitter:label1\" content=\"Est. reading time\" \/>\n\t<meta name=\"twitter:data1\" content=\"1 minute\" \/>\n<script type=\"application\/ld+json\" class=\"yoast-schema-graph\">{\"@context\":\"https:\/\/schema.org\",\"@graph\":[{\"@type\":\"WebPage\",\"@id\":\"https:\/\/duponteadn.com\/en\/cursos\/genetica-respuesta-farmacos\/\",\"url\":\"https:\/\/duponteadn.com\/en\/cursos\/genetica-respuesta-farmacos\/\",\"name\":\"Genetics of drug response | DuponteADN\",\"isPartOf\":{\"@id\":\"https:\/\/duponteadn.com\/#website\"},\"primaryImageOfPage\":{\"@id\":\"https:\/\/duponteadn.com\/en\/cursos\/genetica-respuesta-farmacos\/#primaryimage\"},\"image\":{\"@id\":\"https:\/\/duponteadn.com\/en\/cursos\/genetica-respuesta-farmacos\/#primaryimage\"},\"thumbnailUrl\":\"https:\/\/duponteadn.com\/wp-content\/uploads\/2025\/06\/Genetica-de-la-respuesta-a-farmacos-1.webp\",\"datePublished\":\"2025-06-09T10:58:46+00:00\",\"dateModified\":\"2025-07-11T10:04:45+00:00\",\"breadcrumb\":{\"@id\":\"https:\/\/duponteadn.com\/en\/cursos\/genetica-respuesta-farmacos\/#breadcrumb\"},\"inLanguage\":\"en-US\",\"potentialAction\":[{\"@type\":\"ReadAction\",\"target\":[\"https:\/\/duponteadn.com\/en\/cursos\/genetica-respuesta-farmacos\/\"]}]},{\"@type\":\"ImageObject\",\"inLanguage\":\"en-US\",\"@id\":\"https:\/\/duponteadn.com\/en\/cursos\/genetica-respuesta-farmacos\/#primaryimage\",\"url\":\"https:\/\/duponteadn.com\/wp-content\/uploads\/2025\/06\/Genetica-de-la-respuesta-a-farmacos-1.webp\",\"contentUrl\":\"https:\/\/duponteadn.com\/wp-content\/uploads\/2025\/06\/Genetica-de-la-respuesta-a-farmacos-1.webp\",\"width\":840,\"height\":578,\"caption\":\"Gen\u00e9tica de la respuesta a f\u00e1rmacos\"},{\"@type\":\"BreadcrumbList\",\"@id\":\"https:\/\/duponteadn.com\/en\/cursos\/genetica-respuesta-farmacos\/#breadcrumb\",\"itemListElement\":[{\"@type\":\"ListItem\",\"position\":1,\"name\":\"Duponte\",\"item\":\"https:\/\/duponteadn.com\/en\/\"},{\"@type\":\"ListItem\",\"position\":2,\"name\":\"Courses\",\"item\":\"https:\/\/duponteadn.com\/en\/courses\/\"},{\"@type\":\"ListItem\",\"position\":3,\"name\":\"Genetics of drug response\"}]},{\"@type\":\"WebSite\",\"@id\":\"https:\/\/duponteadn.com\/#website\",\"url\":\"https:\/\/duponteadn.com\/\",\"name\":\"Duponte\",\"description\":\"Innovaci\u00f3n en gen\u00e9tica para decisiones cl\u00ednicas precisas\",\"publisher\":{\"@id\":\"https:\/\/duponteadn.com\/#organization\"},\"alternateName\":\"DuponteADN\",\"potentialAction\":[{\"@type\":\"SearchAction\",\"target\":{\"@type\":\"EntryPoint\",\"urlTemplate\":\"https:\/\/duponteadn.com\/?s={search_term_string}\"},\"query-input\":{\"@type\":\"PropertyValueSpecification\",\"valueRequired\":true,\"valueName\":\"search_term_string\"}}],\"inLanguage\":\"en-US\"},{\"@type\":\"Organization\",\"@id\":\"https:\/\/duponteadn.com\/#organization\",\"name\":\"Duponte\",\"alternateName\":\"DuponteADN\",\"url\":\"https:\/\/duponteadn.com\/\",\"logo\":{\"@type\":\"ImageObject\",\"inLanguage\":\"en-US\",\"@id\":\"https:\/\/duponteadn.com\/#\/schema\/logo\/image\/\",\"url\":\"https:\/\/duponteadn.com\/wp-content\/uploads\/2025\/06\/logo-duponte-blue.svg\",\"contentUrl\":\"https:\/\/duponteadn.com\/wp-content\/uploads\/2025\/06\/logo-duponte-blue.svg\",\"width\":170,\"height\":39,\"caption\":\"Duponte\"},\"image\":{\"@id\":\"https:\/\/duponteadn.com\/#\/schema\/logo\/image\/\"},\"sameAs\":[\"https:\/\/www.facebook.com\/DuponteGroup\",\"https:\/\/x.com\/DuponteGroup\",\"https:\/\/www.linkedin.com\/company\/duponte-group\/\",\"https:\/\/www.instagram.com\/duponteacademy\/\"]}]}<\/script>\n<!-- \/ Yoast SEO plugin. -->","yoast_head_json":{"title":"Genetics of drug response | DuponteADN","robots":{"index":"index","follow":"follow","max-snippet":"max-snippet:-1","max-image-preview":"max-image-preview:large","max-video-preview":"max-video-preview:-1"},"canonical":"https:\/\/duponteadn.com\/en\/cursos\/genetica-respuesta-farmacos\/","og_locale":"en_US","og_type":"article","og_title":"Genetics of drug response | DuponteADN","og_description":"Course aimed at students, healthcare professionals and researchers who want to get ahead of the future of personalized medicine.  Learn how genetics influences drug response and acquire key tools to apply pharmacogenetics in clinical practice, research or therapeutic innovation.","og_url":"https:\/\/duponteadn.com\/en\/cursos\/genetica-respuesta-farmacos\/","og_site_name":"DuponteADN","article_publisher":"https:\/\/www.facebook.com\/DuponteGroup","article_modified_time":"2025-07-11T10:04:45+00:00","og_image":[{"width":840,"height":578,"url":"https:\/\/duponteadn.com\/wp-content\/uploads\/2025\/06\/Genetica-de-la-respuesta-a-farmacos-1.webp","type":"image\/webp"}],"twitter_card":"summary_large_image","twitter_site":"@DuponteGroup","twitter_misc":{"Est. reading time":"1 minute"},"schema":{"@context":"https:\/\/schema.org","@graph":[{"@type":"WebPage","@id":"https:\/\/duponteadn.com\/en\/cursos\/genetica-respuesta-farmacos\/","url":"https:\/\/duponteadn.com\/en\/cursos\/genetica-respuesta-farmacos\/","name":"Genetics of drug response | DuponteADN","isPartOf":{"@id":"https:\/\/duponteadn.com\/#website"},"primaryImageOfPage":{"@id":"https:\/\/duponteadn.com\/en\/cursos\/genetica-respuesta-farmacos\/#primaryimage"},"image":{"@id":"https:\/\/duponteadn.com\/en\/cursos\/genetica-respuesta-farmacos\/#primaryimage"},"thumbnailUrl":"https:\/\/duponteadn.com\/wp-content\/uploads\/2025\/06\/Genetica-de-la-respuesta-a-farmacos-1.webp","datePublished":"2025-06-09T10:58:46+00:00","dateModified":"2025-07-11T10:04:45+00:00","breadcrumb":{"@id":"https:\/\/duponteadn.com\/en\/cursos\/genetica-respuesta-farmacos\/#breadcrumb"},"inLanguage":"en-US","potentialAction":[{"@type":"ReadAction","target":["https:\/\/duponteadn.com\/en\/cursos\/genetica-respuesta-farmacos\/"]}]},{"@type":"ImageObject","inLanguage":"en-US","@id":"https:\/\/duponteadn.com\/en\/cursos\/genetica-respuesta-farmacos\/#primaryimage","url":"https:\/\/duponteadn.com\/wp-content\/uploads\/2025\/06\/Genetica-de-la-respuesta-a-farmacos-1.webp","contentUrl":"https:\/\/duponteadn.com\/wp-content\/uploads\/2025\/06\/Genetica-de-la-respuesta-a-farmacos-1.webp","width":840,"height":578,"caption":"Gen\u00e9tica de la respuesta a f\u00e1rmacos"},{"@type":"BreadcrumbList","@id":"https:\/\/duponteadn.com\/en\/cursos\/genetica-respuesta-farmacos\/#breadcrumb","itemListElement":[{"@type":"ListItem","position":1,"name":"Duponte","item":"https:\/\/duponteadn.com\/en\/"},{"@type":"ListItem","position":2,"name":"Courses","item":"https:\/\/duponteadn.com\/en\/courses\/"},{"@type":"ListItem","position":3,"name":"Genetics of drug response"}]},{"@type":"WebSite","@id":"https:\/\/duponteadn.com\/#website","url":"https:\/\/duponteadn.com\/","name":"Duponte","description":"Innovaci\u00f3n en gen\u00e9tica para decisiones cl\u00ednicas precisas","publisher":{"@id":"https:\/\/duponteadn.com\/#organization"},"alternateName":"DuponteADN","potentialAction":[{"@type":"SearchAction","target":{"@type":"EntryPoint","urlTemplate":"https:\/\/duponteadn.com\/?s={search_term_string}"},"query-input":{"@type":"PropertyValueSpecification","valueRequired":true,"valueName":"search_term_string"}}],"inLanguage":"en-US"},{"@type":"Organization","@id":"https:\/\/duponteadn.com\/#organization","name":"Duponte","alternateName":"DuponteADN","url":"https:\/\/duponteadn.com\/","logo":{"@type":"ImageObject","inLanguage":"en-US","@id":"https:\/\/duponteadn.com\/#\/schema\/logo\/image\/","url":"https:\/\/duponteadn.com\/wp-content\/uploads\/2025\/06\/logo-duponte-blue.svg","contentUrl":"https:\/\/duponteadn.com\/wp-content\/uploads\/2025\/06\/logo-duponte-blue.svg","width":170,"height":39,"caption":"Duponte"},"image":{"@id":"https:\/\/duponteadn.com\/#\/schema\/logo\/image\/"},"sameAs":["https:\/\/www.facebook.com\/DuponteGroup","https:\/\/x.com\/DuponteGroup","https:\/\/www.linkedin.com\/company\/duponte-group\/","https:\/\/www.instagram.com\/duponteacademy\/"]}]}},"_links":{"self":[{"href":"https:\/\/duponteadn.com\/en\/wp-json\/wp\/v2\/product\/2898","targetHints":{"allow":["GET"]}}],"collection":[{"href":"https:\/\/duponteadn.com\/en\/wp-json\/wp\/v2\/product"}],"about":[{"href":"https:\/\/duponteadn.com\/en\/wp-json\/wp\/v2\/types\/product"}],"wp:featuredmedia":[{"embeddable":true,"href":"https:\/\/duponteadn.com\/en\/wp-json\/wp\/v2\/media\/7956"}],"wp:attachment":[{"href":"https:\/\/duponteadn.com\/en\/wp-json\/wp\/v2\/media?parent=2898"}],"wp:term":[{"taxonomy":"product_brand","embeddable":true,"href":"https:\/\/duponteadn.com\/en\/wp-json\/wp\/v2\/product_brand?post=2898"},{"taxonomy":"product_cat","embeddable":true,"href":"https:\/\/duponteadn.com\/en\/wp-json\/wp\/v2\/product_cat?post=2898"},{"taxonomy":"product_tag","embeddable":true,"href":"https:\/\/duponteadn.com\/en\/wp-json\/wp\/v2\/product_tag?post=2898"}],"curies":[{"name":"wp","href":"https:\/\/api.w.org\/{rel}","templated":true}]}}